{"id":16729,"date":"2025-02-07T13:45:32","date_gmt":"2025-02-07T18:45:32","guid":{"rendered":"https:\/\/www.croquezoutaouais.com\/?page_id=16729"},"modified":"2025-03-31T19:29:45","modified_gmt":"2025-03-31T23:29:45","slug":"videos","status":"publish","type":"page","link":"https:\/\/www.croquezoutaouais.com\/en\/videos\/","title":{"rendered":"Videos"},"content":{"rendered":"\n<div class=\"wp-block-group is-layout-flow wp-block-group-is-layout-flow\">\n<div class=\"wp-block-columns is-layout-flex wp-container-core-columns-is-layout-28f84493 wp-block-columns-is-layout-flex\">\n<div class=\"wp-block-column is-layout-flow wp-block-column-is-layout-flow\" style=\"flex-basis:66.66%\">\n<h2 class=\"wp-block-heading\">Stay informed with our latest video capsules!<\/h2>\n<\/div>\n\n\n\n<div class=\"wp-block-column is-layout-flow wp-block-column-is-layout-flow\" style=\"flex-basis:33.33%\"><\/div>\n<\/div>\n<\/div>\n\n\n\n<div style=\"height:80px\" aria-hidden=\"true\" class=\"wp-block-spacer\"><\/div>\n\n\n\n<div class=\"wp-block-group is-layout-flow wp-block-group-is-layout-flow\">\n<div class=\"wp-block-columns is-layout-flex wp-container-core-columns-is-layout-cf05694f wp-block-columns-is-layout-flex\">\n<div class=\"wp-block-column is-layout-flow wp-block-column-is-layout-flow\" style=\"flex-basis:50%\">\n<figure class=\"wp-block-embed is-type-video is-provider-youtube wp-block-embed-youtube wp-embed-aspect-16-9 wp-has-aspect-ratio\"><div class=\"wp-block-embed__wrapper\">\n<iframe loading=\"lazy\" title=\"H\u00e9bergement des VR - Ferme Laronde\" width=\"500\" height=\"281\" src=\"https:\/\/www.youtube.com\/embed\/PFNdCQPBpG8?feature=oembed\" frameborder=\"0\" allow=\"accelerometer; autoplay; clipboard-write; encrypted-media; gyroscope; picture-in-picture; web-share\" referrerpolicy=\"strict-origin-when-cross-origin\" allowfullscreen><\/iframe>\n<\/div><\/figure>\n\n\n\n<div style=\"height:40px\" aria-hidden=\"true\" class=\"wp-block-spacer\"><\/div>\n\n\n\n<h4 class=\"wp-block-heading\">H\u00e9bergement des VR &#8211; Ferme Laronde<\/h4>\n\n\n\n<div style=\"height:40px\" aria-hidden=\"true\" class=\"wp-block-spacer\"><\/div>\n<\/div>\n\n\n\n<div class=\"wp-block-column is-layout-flow wp-block-column-is-layout-flow\" style=\"flex-basis:50%\">\n<figure class=\"wp-block-embed is-type-video is-provider-youtube wp-block-embed-youtube wp-embed-aspect-16-9 wp-has-aspect-ratio\"><div class=\"wp-block-embed__wrapper\">\n<iframe loading=\"lazy\" title=\"Une p\u00e9riode d\u00e9terminante - Vignoble Les Collines\" width=\"500\" height=\"281\" src=\"https:\/\/www.youtube.com\/embed\/kofcQu_G0Kw?feature=oembed\" frameborder=\"0\" allow=\"accelerometer; autoplay; clipboard-write; encrypted-media; gyroscope; picture-in-picture; web-share\" referrerpolicy=\"strict-origin-when-cross-origin\" allowfullscreen><\/iframe>\n<\/div><\/figure>\n\n\n\n<div style=\"height:40px\" aria-hidden=\"true\" class=\"wp-block-spacer\"><\/div>\n\n\n\n<h4 class=\"wp-block-heading\">Une p\u00e9riode d\u00e9terminante &#8211; Vignoble Les Collines<\/h4>\n\n\n\n<div style=\"height:40px\" aria-hidden=\"true\" class=\"wp-block-spacer\"><\/div>\n<\/div>\n<\/div>\n<\/div>\n\n\n\n<div class=\"wp-block-group is-layout-flow wp-block-group-is-layout-flow\">\n<div class=\"wp-block-columns is-layout-flex wp-container-core-columns-is-layout-cf05694f wp-block-columns-is-layout-flex\">\n<div class=\"wp-block-column is-layout-flow wp-block-column-is-layout-flow\" style=\"flex-basis:50%\">\n<figure class=\"wp-block-embed is-type-video is-provider-youtube wp-block-embed-youtube wp-embed-aspect-16-9 wp-has-aspect-ratio\"><div class=\"wp-block-embed__wrapper\">\n<iframe loading=\"lazy\" title=\"Paniers bios d&#039;hiver - Ferme aux pleines saveurs\" width=\"500\" height=\"281\" src=\"https:\/\/www.youtube.com\/embed\/idS2WDMcyzM?feature=oembed\" frameborder=\"0\" allow=\"accelerometer; autoplay; clipboard-write; encrypted-media; gyroscope; picture-in-picture; web-share\" referrerpolicy=\"strict-origin-when-cross-origin\" allowfullscreen><\/iframe>\n<\/div><\/figure>\n\n\n\n<div style=\"height:40px\" aria-hidden=\"true\" class=\"wp-block-spacer\"><\/div>\n\n\n\n<h4 class=\"wp-block-heading\">Paniers bios d&#8217;hiver &#8211; Ferme aux pleines saveurs<\/h4>\n\n\n\n<div style=\"height:40px\" aria-hidden=\"true\" class=\"wp-block-spacer\"><\/div>\n\n\n\n<figure class=\"wp-block-embed is-type-video is-provider-youtube wp-block-embed-youtube wp-embed-aspect-16-9 wp-has-aspect-ratio\"><div class=\"wp-block-embed__wrapper\">\n<iframe loading=\"lazy\" title=\"Bergerie Bouwman \u00e9rabli\u00e8re - Un temps des sucres aux multiples d\u00e9fis! \ud83d\udc11\ud83c\udf41\" width=\"500\" height=\"281\" src=\"https:\/\/www.youtube.com\/embed\/cWN2KlAMR8M?feature=oembed\" frameborder=\"0\" allow=\"accelerometer; autoplay; clipboard-write; encrypted-media; gyroscope; picture-in-picture; web-share\" referrerpolicy=\"strict-origin-when-cross-origin\" allowfullscreen><\/iframe>\n<\/div><\/figure>\n\n\n\n<div style=\"height:40px\" aria-hidden=\"true\" class=\"wp-block-spacer\"><\/div>\n\n\n\n<h4 class=\"wp-block-heading\">Bergerie Bouwman \u00e9rabli\u00e8re &#8211; Un temps des sucres aux multiples d\u00e9fis!<\/h4>\n<\/div>\n\n\n\n<div class=\"wp-block-column is-layout-flow wp-block-column-is-layout-flow\" style=\"flex-basis:50%\">\n<figure class=\"wp-block-embed is-type-video is-provider-youtube wp-block-embed-youtube wp-embed-aspect-16-9 wp-has-aspect-ratio\"><div class=\"wp-block-embed__wrapper\">\n<iframe loading=\"lazy\" title=\"La ferme Pure conscience: un \u00e9levage de yaks unique en Outaouais\" width=\"500\" height=\"281\" src=\"https:\/\/www.youtube.com\/embed\/xxCw-SDduTw?feature=oembed\" frameborder=\"0\" allow=\"accelerometer; autoplay; clipboard-write; encrypted-media; gyroscope; picture-in-picture; web-share\" referrerpolicy=\"strict-origin-when-cross-origin\" allowfullscreen><\/iframe>\n<\/div><\/figure>\n\n\n\n<div style=\"height:40px\" aria-hidden=\"true\" class=\"wp-block-spacer\"><\/div>\n\n\n\n<h4 class=\"wp-block-heading\">La Ferme Pure-Conscience : un \u00e9levage de yaks unique en Outaouais<\/h4>\n<\/div>\n<\/div>\n<\/div>\n\n\n\n<p><\/p>\n","protected":false},"excerpt":{"rendered":"<p>Stay informed with our latest video capsules! H\u00e9bergement des VR &#8211; Ferme Laronde Une p\u00e9riode d\u00e9terminante &#8211; Vignoble Les Collines Paniers bios d&#8217;hiver &#8211; Ferme aux pleines saveurs Bergerie Bouwman \u00e9rabli\u00e8re &#8211; Un temps des sucres aux multiples d\u00e9fis! La Ferme Pure-Conscience : un \u00e9levage de yaks unique en Outaouais<\/p>\n","protected":false},"author":8,"featured_media":16769,"parent":0,"menu_order":0,"comment_status":"closed","ping_status":"open","template":"wp-custom-template-recipies","meta":{"_acf_changed":false,"inline_featured_image":false,"_monsterinsights_skip_tracking":false,"_monsterinsights_sitenote_active":false,"_monsterinsights_sitenote_note":"","_monsterinsights_sitenote_category":0,"footnotes":""},"class_list":["post-16729","page","type-page","status-publish","has-post-thumbnail","hentry"],"acf":[],"yoast_head":"<!-- This site is optimized with the Yoast SEO plugin v27.2 - https:\/\/yoast.com\/product\/yoast-seo-wordpress\/ -->\n<title>Videos | Croquez Outaouais | Le r\u00e9pertoire du secteur agroalimentaire<\/title>\n<meta name=\"robots\" content=\"index, follow, max-snippet:-1, max-image-preview:large, max-video-preview:-1\" \/>\n<link rel=\"canonical\" href=\"https:\/\/www.croquezoutaouais.com\/en\/videos\/\" \/>\n<meta property=\"og:locale\" content=\"en_US\" \/>\n<meta property=\"og:type\" content=\"article\" \/>\n<meta property=\"og:title\" content=\"Videos | Croquez Outaouais | Le r\u00e9pertoire du secteur agroalimentaire\" \/>\n<meta property=\"og:description\" content=\"Stay informed with our latest video capsules! H\u00e9bergement des VR &#8211; Ferme Laronde Une p\u00e9riode d\u00e9terminante &#8211; Vignoble Les Collines Paniers bios d&#8217;hiver &#8211; Ferme aux pleines saveurs Bergerie Bouwman \u00e9rabli\u00e8re &#8211; Un temps des sucres aux multiples d\u00e9fis! La Ferme Pure-Conscience : un \u00e9levage de yaks unique en Outaouais\" \/>\n<meta property=\"og:url\" content=\"https:\/\/www.croquezoutaouais.com\/en\/videos\/\" \/>\n<meta property=\"og:site_name\" content=\"Croquez Outaouais | Le r\u00e9pertoire du secteur agroalimentaire\" \/>\n<meta property=\"article:modified_time\" content=\"2025-03-31T23:29:45+00:00\" \/>\n<meta property=\"og:image\" content=\"https:\/\/www.croquezoutaouais.com\/wp-content\/uploads\/2025\/02\/video-copy.jpg\" \/>\n\t<meta property=\"og:image:width\" content=\"2000\" \/>\n\t<meta property=\"og:image:height\" content=\"669\" \/>\n\t<meta property=\"og:image:type\" content=\"image\/jpeg\" \/>\n<meta name=\"twitter:card\" content=\"summary_large_image\" \/>\n<meta name=\"twitter:label1\" content=\"Est. reading time\" \/>\n\t<meta name=\"twitter:data1\" content=\"1 minute\" \/>\n<script type=\"application\/ld+json\" class=\"yoast-schema-graph\">{\"@context\":\"https:\/\/schema.org\",\"@graph\":[{\"@type\":\"WebPage\",\"@id\":\"https:\/\/www.croquezoutaouais.com\/en\/videos\/\",\"url\":\"https:\/\/www.croquezoutaouais.com\/en\/videos\/\",\"name\":\"Videos | Croquez Outaouais | Le r\u00e9pertoire du secteur agroalimentaire\",\"isPartOf\":{\"@id\":\"https:\/\/www.croquezoutaouais.com\/en\/#website\"},\"primaryImageOfPage\":{\"@id\":\"https:\/\/www.croquezoutaouais.com\/en\/videos\/#primaryimage\"},\"image\":{\"@id\":\"https:\/\/www.croquezoutaouais.com\/en\/videos\/#primaryimage\"},\"thumbnailUrl\":\"https:\/\/www.croquezoutaouais.com\/wp-content\/uploads\/2025\/02\/video-copy.jpg\",\"datePublished\":\"2025-02-07T18:45:32+00:00\",\"dateModified\":\"2025-03-31T23:29:45+00:00\",\"breadcrumb\":{\"@id\":\"https:\/\/www.croquezoutaouais.com\/en\/videos\/#breadcrumb\"},\"inLanguage\":\"en-US\",\"potentialAction\":[{\"@type\":\"ReadAction\",\"target\":[\"https:\/\/www.croquezoutaouais.com\/en\/videos\/\"]}]},{\"@type\":\"ImageObject\",\"inLanguage\":\"en-US\",\"@id\":\"https:\/\/www.croquezoutaouais.com\/en\/videos\/#primaryimage\",\"url\":\"https:\/\/www.croquezoutaouais.com\/wp-content\/uploads\/2025\/02\/video-copy.jpg\",\"contentUrl\":\"https:\/\/www.croquezoutaouais.com\/wp-content\/uploads\/2025\/02\/video-copy.jpg\",\"width\":2000,\"height\":669,\"caption\":\"Screenshot\"},{\"@type\":\"BreadcrumbList\",\"@id\":\"https:\/\/www.croquezoutaouais.com\/en\/videos\/#breadcrumb\",\"itemListElement\":[{\"@type\":\"ListItem\",\"position\":1,\"name\":\"Home\",\"item\":\"https:\/\/www.croquezoutaouais.com\/en\/\"},{\"@type\":\"ListItem\",\"position\":2,\"name\":\"Videos\"}]},{\"@type\":\"WebSite\",\"@id\":\"https:\/\/www.croquezoutaouais.com\/en\/#website\",\"url\":\"https:\/\/www.croquezoutaouais.com\/en\/\",\"name\":\"Croquez Outaouais | Le r\u00e9pertoire du secteur agroalimentaire\",\"description\":\"Croquez l\u2019Outaouais, c\u2019est une mine d\u2019informations sur tout ce qui se passe dans le secteur agroalimentaire de la r\u00e9gion de l\u2019Outaouais.\",\"publisher\":{\"@id\":\"https:\/\/www.croquezoutaouais.com\/en\/#organization\"},\"potentialAction\":[{\"@type\":\"SearchAction\",\"target\":{\"@type\":\"EntryPoint\",\"urlTemplate\":\"https:\/\/www.croquezoutaouais.com\/en\/?s={search_term_string}\"},\"query-input\":{\"@type\":\"PropertyValueSpecification\",\"valueRequired\":true,\"valueName\":\"search_term_string\"}}],\"inLanguage\":\"en-US\"},{\"@type\":\"Organization\",\"@id\":\"https:\/\/www.croquezoutaouais.com\/en\/#organization\",\"name\":\"Croquez Outaouais | Le r\u00e9pertoire du secteur agroalimentaire\",\"url\":\"https:\/\/www.croquezoutaouais.com\/en\/\",\"logo\":{\"@type\":\"ImageObject\",\"inLanguage\":\"en-US\",\"@id\":\"https:\/\/www.croquezoutaouais.com\/en\/#\/schema\/logo\/image\/\",\"url\":\"https:\/\/www.croquezoutaouais.com\/wp-content\/uploads\/2024\/08\/logo_croquez.svg\",\"contentUrl\":\"https:\/\/www.croquezoutaouais.com\/wp-content\/uploads\/2024\/08\/logo_croquez.svg\",\"caption\":\"Croquez Outaouais | Le r\u00e9pertoire du secteur agroalimentaire\"},\"image\":{\"@id\":\"https:\/\/www.croquezoutaouais.com\/en\/#\/schema\/logo\/image\/\"}}]}<\/script>\n<!-- \/ Yoast SEO plugin. -->","yoast_head_json":{"title":"Videos | Croquez Outaouais | Le r\u00e9pertoire du secteur agroalimentaire","robots":{"index":"index","follow":"follow","max-snippet":"max-snippet:-1","max-image-preview":"max-image-preview:large","max-video-preview":"max-video-preview:-1"},"canonical":"https:\/\/www.croquezoutaouais.com\/en\/videos\/","og_locale":"en_US","og_type":"article","og_title":"Videos | Croquez Outaouais | Le r\u00e9pertoire du secteur agroalimentaire","og_description":"Stay informed with our latest video capsules! H\u00e9bergement des VR &#8211; Ferme Laronde Une p\u00e9riode d\u00e9terminante &#8211; Vignoble Les Collines Paniers bios d&#8217;hiver &#8211; Ferme aux pleines saveurs Bergerie Bouwman \u00e9rabli\u00e8re &#8211; Un temps des sucres aux multiples d\u00e9fis! La Ferme Pure-Conscience : un \u00e9levage de yaks unique en Outaouais","og_url":"https:\/\/www.croquezoutaouais.com\/en\/videos\/","og_site_name":"Croquez Outaouais | Le r\u00e9pertoire du secteur agroalimentaire","article_modified_time":"2025-03-31T23:29:45+00:00","og_image":[{"width":2000,"height":669,"url":"https:\/\/www.croquezoutaouais.com\/wp-content\/uploads\/2025\/02\/video-copy.jpg","type":"image\/jpeg"}],"twitter_card":"summary_large_image","twitter_misc":{"Est. reading time":"1 minute"},"schema":{"@context":"https:\/\/schema.org","@graph":[{"@type":"WebPage","@id":"https:\/\/www.croquezoutaouais.com\/en\/videos\/","url":"https:\/\/www.croquezoutaouais.com\/en\/videos\/","name":"Videos | Croquez Outaouais | Le r\u00e9pertoire du secteur agroalimentaire","isPartOf":{"@id":"https:\/\/www.croquezoutaouais.com\/en\/#website"},"primaryImageOfPage":{"@id":"https:\/\/www.croquezoutaouais.com\/en\/videos\/#primaryimage"},"image":{"@id":"https:\/\/www.croquezoutaouais.com\/en\/videos\/#primaryimage"},"thumbnailUrl":"https:\/\/www.croquezoutaouais.com\/wp-content\/uploads\/2025\/02\/video-copy.jpg","datePublished":"2025-02-07T18:45:32+00:00","dateModified":"2025-03-31T23:29:45+00:00","breadcrumb":{"@id":"https:\/\/www.croquezoutaouais.com\/en\/videos\/#breadcrumb"},"inLanguage":"en-US","potentialAction":[{"@type":"ReadAction","target":["https:\/\/www.croquezoutaouais.com\/en\/videos\/"]}]},{"@type":"ImageObject","inLanguage":"en-US","@id":"https:\/\/www.croquezoutaouais.com\/en\/videos\/#primaryimage","url":"https:\/\/www.croquezoutaouais.com\/wp-content\/uploads\/2025\/02\/video-copy.jpg","contentUrl":"https:\/\/www.croquezoutaouais.com\/wp-content\/uploads\/2025\/02\/video-copy.jpg","width":2000,"height":669,"caption":"Screenshot"},{"@type":"BreadcrumbList","@id":"https:\/\/www.croquezoutaouais.com\/en\/videos\/#breadcrumb","itemListElement":[{"@type":"ListItem","position":1,"name":"Home","item":"https:\/\/www.croquezoutaouais.com\/en\/"},{"@type":"ListItem","position":2,"name":"Videos"}]},{"@type":"WebSite","@id":"https:\/\/www.croquezoutaouais.com\/en\/#website","url":"https:\/\/www.croquezoutaouais.com\/en\/","name":"Croquez Outaouais | Le r\u00e9pertoire du secteur agroalimentaire","description":"Croquez l\u2019Outaouais, c\u2019est une mine d\u2019informations sur tout ce qui se passe dans le secteur agroalimentaire de la r\u00e9gion de l\u2019Outaouais.","publisher":{"@id":"https:\/\/www.croquezoutaouais.com\/en\/#organization"},"potentialAction":[{"@type":"SearchAction","target":{"@type":"EntryPoint","urlTemplate":"https:\/\/www.croquezoutaouais.com\/en\/?s={search_term_string}"},"query-input":{"@type":"PropertyValueSpecification","valueRequired":true,"valueName":"search_term_string"}}],"inLanguage":"en-US"},{"@type":"Organization","@id":"https:\/\/www.croquezoutaouais.com\/en\/#organization","name":"Croquez Outaouais | Le r\u00e9pertoire du secteur agroalimentaire","url":"https:\/\/www.croquezoutaouais.com\/en\/","logo":{"@type":"ImageObject","inLanguage":"en-US","@id":"https:\/\/www.croquezoutaouais.com\/en\/#\/schema\/logo\/image\/","url":"https:\/\/www.croquezoutaouais.com\/wp-content\/uploads\/2024\/08\/logo_croquez.svg","contentUrl":"https:\/\/www.croquezoutaouais.com\/wp-content\/uploads\/2024\/08\/logo_croquez.svg","caption":"Croquez Outaouais | Le r\u00e9pertoire du secteur agroalimentaire"},"image":{"@id":"https:\/\/www.croquezoutaouais.com\/en\/#\/schema\/logo\/image\/"}}]}},"_links":{"self":[{"href":"https:\/\/www.croquezoutaouais.com\/en\/wp-json\/wp\/v2\/pages\/16729","targetHints":{"allow":["GET"]}}],"collection":[{"href":"https:\/\/www.croquezoutaouais.com\/en\/wp-json\/wp\/v2\/pages"}],"about":[{"href":"https:\/\/www.croquezoutaouais.com\/en\/wp-json\/wp\/v2\/types\/page"}],"author":[{"embeddable":true,"href":"https:\/\/www.croquezoutaouais.com\/en\/wp-json\/wp\/v2\/users\/8"}],"replies":[{"embeddable":true,"href":"https:\/\/www.croquezoutaouais.com\/en\/wp-json\/wp\/v2\/comments?post=16729"}],"version-history":[{"count":6,"href":"https:\/\/www.croquezoutaouais.com\/en\/wp-json\/wp\/v2\/pages\/16729\/revisions"}],"predecessor-version":[{"id":16953,"href":"https:\/\/www.croquezoutaouais.com\/en\/wp-json\/wp\/v2\/pages\/16729\/revisions\/16953"}],"wp:featuredmedia":[{"embeddable":true,"href":"https:\/\/www.croquezoutaouais.com\/en\/wp-json\/wp\/v2\/media\/16769"}],"wp:attachment":[{"href":"https:\/\/www.croquezoutaouais.com\/en\/wp-json\/wp\/v2\/media?parent=16729"}],"curies":[{"name":"wp","href":"https:\/\/api.w.org\/{rel}","templated":true}]}}